{"id":93,"date":"2013-06-07T11:21:28","date_gmt":"2013-06-07T09:21:28","guid":{"rendered":"https:\/\/cftc-xerox.org\/xgs\/?page_id=93"},"modified":"2013-06-25T16:46:27","modified_gmt":"2013-06-25T14:46:27","slug":"la-direction-refait-le-code-du-travail","status":"publish","type":"page","link":"https:\/\/cftc-xerox.org\/xts\/la-direction-refait-le-code-du-travail\/","title":{"rendered":"Direction &#038; Code du Travail"},"content":{"rendered":"CONVENTION SYNTEC CHAPITRE 1 DUR\u00c9E DU TRAVAIL ARTICLE 1 &#8211; DUR\u00c9E DU TRAVAIL EFFECTIFConform\u00e9ment \u00e0 l\u2019article L. 212.4 du code <a href=\"https:\/\/cftc-xerox.org\/xts\/la-direction-refait-le-code-du-travail\/\" class=\"more-link\">(suite\u2026)<\/a>","protected":false},"excerpt":{"rendered":"<p>CONVENTION SYNTEC CHAPITRE 1 DUR\u00c9E DU TRAVAIL ARTICLE 1 &#8211; DUR\u00c9E DU TRAVAIL EFFECTIFConform\u00e9ment \u00e0 l\u2019article L. 212.4 du code (suite\u2026)<\/p>\n","protected":false},"author":2,"featured_media":0,"parent":0,"menu_order":0,"comment_status":"open","ping_status":"closed","template":"","meta":{"footnotes":""},"class_list":["post-93","page","type-page","status-publish","hentry","entry"],"_links":{"self":[{"href":"https:\/\/cftc-xerox.org\/xts\/wp-json\/wp\/v2\/pages\/93","targetHints":{"allow":["GET"]}}],"collection":[{"href":"https:\/\/cftc-xerox.org\/xts\/wp-json\/wp\/v2\/pages"}],"about":[{"href":"https:\/\/cftc-xerox.org\/xts\/wp-json\/wp\/v2\/types\/page"}],"author":[{"embeddable":true,"href":"https:\/\/cftc-xerox.org\/xts\/wp-json\/wp\/v2\/users\/2"}],"replies":[{"embeddable":true,"href":"https:\/\/cftc-xerox.org\/xts\/wp-json\/wp\/v2\/comments?post=93"}],"version-history":[{"count":0,"href":"https:\/\/cftc-xerox.org\/xts\/wp-json\/wp\/v2\/pages\/93\/revisions"}],"wp:attachment":[{"href":"https:\/\/cftc-xerox.org\/xts\/wp-json\/wp\/v2\/media?parent=93"}],"curies":[{"name":"wp","href":"https:\/\/api.w.org\/{rel}","templated":true}]}}