{"id":1423,"date":"2014-10-26T19:26:00","date_gmt":"2014-10-26T18:26:00","guid":{"rendered":"https:\/\/cftc-xerox.org\/xgs\/?page_id=1423"},"modified":"2014-10-27T20:52:34","modified_gmt":"2014-10-27T19:52:34","slug":"adherents-acces-reserve","status":"publish","type":"page","link":"https:\/\/cftc-xerox.org\/xts\/adherents-acces-reserve\/","title":{"rendered":"Espace Adh\u00e9rent(e)s (acc\u00e8s r\u00e9serv\u00e9)"},"content":{"rendered":"Vous devez \u00eatre connect\u00e9 pour voir ce contenu.","protected":false},"excerpt":{"rendered":"Vous devez \u00eatre connect\u00e9 pour voir ce contenu.","protected":false},"author":7,"featured_media":0,"parent":0,"menu_order":0,"comment_status":"open","ping_status":"open","template":"","meta":{"footnotes":""},"class_list":["post-1423","page","type-page","status-publish","hentry","entry"],"_links":{"self":[{"href":"https:\/\/cftc-xerox.org\/xts\/wp-json\/wp\/v2\/pages\/1423","targetHints":{"allow":["GET"]}}],"collection":[{"href":"https:\/\/cftc-xerox.org\/xts\/wp-json\/wp\/v2\/pages"}],"about":[{"href":"https:\/\/cftc-xerox.org\/xts\/wp-json\/wp\/v2\/types\/page"}],"author":[{"embeddable":true,"href":"https:\/\/cftc-xerox.org\/xts\/wp-json\/wp\/v2\/users\/7"}],"replies":[{"embeddable":true,"href":"https:\/\/cftc-xerox.org\/xts\/wp-json\/wp\/v2\/comments?post=1423"}],"version-history":[{"count":0,"href":"https:\/\/cftc-xerox.org\/xts\/wp-json\/wp\/v2\/pages\/1423\/revisions"}],"wp:attachment":[{"href":"https:\/\/cftc-xerox.org\/xts\/wp-json\/wp\/v2\/media?parent=1423"}],"curies":[{"name":"wp","href":"https:\/\/api.w.org\/{rel}","templated":true}]}}