{"id":100,"date":"2013-06-07T11:26:34","date_gmt":"2013-06-07T09:26:34","guid":{"rendered":"https:\/\/cftc-xerox.org\/xgs\/?page_id=100"},"modified":"2013-06-07T11:26:34","modified_gmt":"2013-06-07T09:26:34","slug":"news-juridiques","status":"publish","type":"page","link":"https:\/\/cftc-xerox.org\/xts\/news-juridiques\/","title":{"rendered":"NEWS JURIDIQUES"},"content":{"rendered":"&nbsp; Depuis le 4 mars dernier, la pr\u00e9-plainte en ligne est g\u00e9n\u00e9ralis\u00e9e \u00e0 l\u2019ensemble du territoire fran\u00e7ais. Elle \u00e9tait jusque-l\u00e0 <a href=\"https:\/\/cftc-xerox.org\/xts\/news-juridiques\/\" class=\"more-link\">(suite\u2026)<\/a>","protected":false},"excerpt":{"rendered":"<p>&nbsp; Depuis le 4 mars dernier, la pr\u00e9-plainte en ligne est g\u00e9n\u00e9ralis\u00e9e \u00e0 l\u2019ensemble du territoire fran\u00e7ais. Elle \u00e9tait jusque-l\u00e0 (suite\u2026)<\/p>\n","protected":false},"author":2,"featured_media":0,"parent":0,"menu_order":0,"comment_status":"open","ping_status":"open","template":"","meta":{"footnotes":""},"class_list":["post-100","page","type-page","status-publish","hentry","entry"],"_links":{"self":[{"href":"https:\/\/cftc-xerox.org\/xts\/wp-json\/wp\/v2\/pages\/100","targetHints":{"allow":["GET"]}}],"collection":[{"href":"https:\/\/cftc-xerox.org\/xts\/wp-json\/wp\/v2\/pages"}],"about":[{"href":"https:\/\/cftc-xerox.org\/xts\/wp-json\/wp\/v2\/types\/page"}],"author":[{"embeddable":true,"href":"https:\/\/cftc-xerox.org\/xts\/wp-json\/wp\/v2\/users\/2"}],"replies":[{"embeddable":true,"href":"https:\/\/cftc-xerox.org\/xts\/wp-json\/wp\/v2\/comments?post=100"}],"version-history":[{"count":0,"href":"https:\/\/cftc-xerox.org\/xts\/wp-json\/wp\/v2\/pages\/100\/revisions"}],"wp:attachment":[{"href":"https:\/\/cftc-xerox.org\/xts\/wp-json\/wp\/v2\/media?parent=100"}],"curies":[{"name":"wp","href":"https:\/\/api.w.org\/{rel}","templated":true}]}}